{"id":8875,"date":"2026-04-16T14:20:08","date_gmt":"2026-04-16T12:20:08","guid":{"rendered":"https:\/\/procareerglobal.com\/?post_type=product&#038;p=8875"},"modified":"2026-04-16T17:03:33","modified_gmt":"2026-04-16T15:03:33","slug":"kuidas-muuta-oma-praegune-too-uue-ametikoha-case-studydeks","status":"publish","type":"product","link":"https:\/\/procareerglobal.com\/et\/toode\/kuidas-muuta-oma-praegune-too-uue-ametikoha-case-studydeks\/","title":{"rendered":"Kuidas muuta oma praegune t\u00f6\u00f6 uue\u00a0 ametikoha case study&#8217;deks"},"content":{"rendered":"<div class=\"flex flex-col text-sm pb-25\">\n<section class=\"text-token-text-primary w-full focus:outline-none [--shadow-height:45px] has-data-writing-block:pointer-events-none has-data-writing-block:-mt-(--shadow-height) has-data-writing-block:pt-(--shadow-height) [&amp;:has([data-writing-block])&gt;*]:pointer-events-auto scroll-mt-[calc(var(--header-height)+min(200px,max(70px,20svh)))]\" dir=\"auto\" data-turn-id=\"request-WEB:e96bc868-8959-4dd9-ba3c-015a142ca75b-7\" data-testid=\"conversation-turn-16\" data-scroll-anchor=\"true\" data-turn=\"assistant\">\n<div class=\"text-base my-auto mx-auto pb-10 [--thread-content-margin:var(--thread-content-margin-xs,calc(var(--spacing)*4))] @w-sm\/main:[--thread-content-margin:var(--thread-content-margin-sm,calc(var(--spacing)*6))] @w-lg\/main:[--thread-content-margin:var(--thread-content-margin-lg,calc(var(--spacing)*16))] px-(--thread-content-margin)\">\n<div class=\"[--thread-content-max-width:40rem] @w-lg\/main:[--thread-content-max-width:48rem] mx-auto max-w-(--thread-content-max-width) flex-1 group\/turn-messages focus-visible:outline-hidden relative flex w-full min-w-0 flex-col agent-turn\">\n<div class=\"flex max-w-full flex-col gap-4 grow\">\n<div class=\"min-h-8 text-message relative flex w-full flex-col items-end gap-2 text-start break-words whitespace-normal outline-none keyboard-focused:focus-ring [.text-message+&amp;]:mt-1\" dir=\"auto\" data-message-author-role=\"assistant\" data-message-id=\"cdd59b29-aa92-41a5-93d3-ff9f731bafd5\" data-message-model-slug=\"gpt-5-3\" data-turn-start-message=\"true\">\n<div class=\"flex w-full flex-col gap-1 empty:hidden\">\n<div class=\"markdown prose dark:prose-invert w-full wrap-break-word light markdown-new-styling\">\n<p data-start=\"0\" data-end=\"305\">Praktiline juhend sellest, kuidas muuta oma senine kogemus tugevateks case\u2019ideks, mis t\u00f6\u00f6tavad sinu kasuks uude rolli liikumisel.<br data-start=\"129\" data-end=\"132\" \/>Seest leiad samm-sammulised juhised, kuidas tuua v\u00e4lja oma tegelikud saavutused, vormistada need arusaadavasse struktuuri ja esitleda nii, et v\u00e4rbajad n\u00e4eksid sinu v\u00e4\u00e4rtust.<\/p>\n<p data-start=\"307\" data-end=\"323\">Sa saad teada:<\/p>\n<ul data-start=\"324\" data-end=\"705\">\n<li data-section-id=\"pf3w8e\" data-start=\"324\" data-end=\"435\">milliseid \u00fclesandeid ja tulemusi saab muuta case\u2019ideks, isegi kui tundub, et sa pole midagi erilist teinud;<\/li>\n<li data-section-id=\"97i94x\" data-start=\"436\" data-end=\"530\">kuidas \u00f5igesti kirjeldada saavutusi, tegevusi ja konteksti nii, et need k\u00f5laksid veenvalt;<\/li>\n<li data-section-id=\"qcsxks\" data-start=\"531\" data-end=\"596\">kuidas struktureerida oma kogemust ja v\u00e4ltida t\u00fc\u00fcpilisi vigu;<\/li>\n<li data-section-id=\"c2gzxk\" data-start=\"597\" data-end=\"705\">mida lisada CV-sse ja LinkedIni, et sinu case\u2019id n\u00e4eksid professionaalsed v\u00e4lja ja t\u00f5mbaksid t\u00e4helepanu.<\/li>\n<\/ul>\n<p data-start=\"707\" data-end=\"880\" data-is-last-node=\"\" data-is-only-node=\"\">Juhend sobib neile, kes soovivad vahetada ametikohta, liikuda uude valdkonda v\u00f5i tugevdada oma positsioneerimist, kasutades seda, mida nad on juba oma praeguses t\u00f6\u00f6s teinud.<\/p>\n<\/div>\n<\/div>\n<\/div>\n<\/div>\n<div class=\"z-0 flex min-h-[46px] justify-start\"><\/div>\n<div class=\"mt-3 w-full empty:hidden\">\n<div class=\"text-center\"><\/div>\n<\/div>\n<\/div>\n<\/div>\n<\/section>\n<\/div>\n<div class=\"pointer-events-none h-px w-px absolute bottom-0\" aria-hidden=\"true\" data-edge=\"true\"><\/div>\n","protected":false},"excerpt":{"rendered":"<div class=\"flex flex-col text-sm pb-25\">\n<section class=\"text-token-text-primary w-full focus:outline-none [--shadow-height:45px] has-data-writing-block:pointer-events-none has-data-writing-block:-mt-(--shadow-height) has-data-writing-block:pt-(--shadow-height) [&amp;:has([data-writing-block])&gt;*]:pointer-events-auto scroll-mt-[calc(var(--header-height)+min(200px,max(70px,20svh)))]\" dir=\"auto\" data-turn-id=\"request-WEB:e96bc868-8959-4dd9-ba3c-015a142ca75b-6\" data-testid=\"conversation-turn-14\" data-scroll-anchor=\"true\" data-turn=\"assistant\">\n<div class=\"text-base my-auto mx-auto pb-10 [--thread-content-margin:var(--thread-content-margin-xs,calc(var(--spacing)*4))] @w-sm\/main:[--thread-content-margin:var(--thread-content-margin-sm,calc(var(--spacing)*6))] @w-lg\/main:[--thread-content-margin:var(--thread-content-margin-lg,calc(var(--spacing)*16))] px-(--thread-content-margin)\">\n<div class=\"[--thread-content-max-width:40rem] @w-lg\/main:[--thread-content-max-width:48rem] mx-auto max-w-(--thread-content-max-width) flex-1 group\/turn-messages focus-visible:outline-hidden relative flex w-full min-w-0 flex-col agent-turn\">\n<div class=\"flex max-w-full flex-col gap-4 grow\">\n<div class=\"min-h-8 text-message relative flex w-full flex-col items-end gap-2 text-start break-words whitespace-normal outline-none keyboard-focused:focus-ring [.text-message+&amp;]:mt-1\" dir=\"auto\" data-message-author-role=\"assistant\" data-message-id=\"11732376-4ebe-4439-8d35-decc36f13778\" data-message-model-slug=\"gpt-5-3\" data-turn-start-message=\"true\">\n<div class=\"flex w-full flex-col gap-1 empty:hidden\">\n<div class=\"markdown prose dark:prose-invert w-full wrap-break-word light markdown-new-styling\">\n<p data-start=\"0\" data-end=\"129\" data-is-last-node=\"\" data-is-only-node=\"\">Praktiline juhend sellest, kuidas muuta oma senine kogemus tugevateks case\u2019ideks, mis t\u00f6\u00f6tavad sinu kasuks uude rolli liikumisel.<\/p>\n<\/div>\n<\/div>\n<\/div>\n<\/div>\n<div class=\"z-0 flex min-h-[46px] justify-start\"><\/div>\n<div class=\"mt-3 w-full empty:hidden\">\n<div class=\"text-center\"><\/div>\n<\/div>\n<\/div>\n<\/div>\n<\/section>\n<\/div>\n<div class=\"pointer-events-none h-px w-px absolute bottom-0\" aria-hidden=\"true\" data-edge=\"true\"><\/div>\n","protected":false},"featured_media":8879,"comment_status":"open","ping_status":"closed","template":"","meta":{"_et_pb_use_builder":"","_et_pb_old_content":"","_et_gb_content_width":""},"product_brand":[],"product_cat":[288],"product_tag":[],"class_list":{"0":"post-8875","1":"product","2":"type-product","3":"status-publish","4":"has-post-thumbnail","6":"product_cat-abimaterjalid","8":"first","9":"instock","10":"downloadable","11":"virtual","12":"purchasable","13":"product-type-simple"},"_links":{"self":[{"href":"https:\/\/procareerglobal.com\/et\/wp-json\/wp\/v2\/product\/8875","targetHints":{"allow":["GET"]}}],"collection":[{"href":"https:\/\/procareerglobal.com\/et\/wp-json\/wp\/v2\/product"}],"about":[{"href":"https:\/\/procareerglobal.com\/et\/wp-json\/wp\/v2\/types\/product"}],"replies":[{"embeddable":true,"href":"https:\/\/procareerglobal.com\/et\/wp-json\/wp\/v2\/comments?post=8875"}],"wp:featuredmedia":[{"embeddable":true,"href":"https:\/\/procareerglobal.com\/et\/wp-json\/wp\/v2\/media\/8879"}],"wp:attachment":[{"href":"https:\/\/procareerglobal.com\/et\/wp-json\/wp\/v2\/media?parent=8875"}],"wp:term":[{"taxonomy":"product_brand","embeddable":true,"href":"https:\/\/procareerglobal.com\/et\/wp-json\/wp\/v2\/product_brand?post=8875"},{"taxonomy":"product_cat","embeddable":true,"href":"https:\/\/procareerglobal.com\/et\/wp-json\/wp\/v2\/product_cat?post=8875"},{"taxonomy":"product_tag","embeddable":true,"href":"https:\/\/procareerglobal.com\/et\/wp-json\/wp\/v2\/product_tag?post=8875"}],"curies":[{"name":"wp","href":"https:\/\/api.w.org\/{rel}","templated":true}]}}