{"id":8866,"date":"2026-04-16T13:34:54","date_gmt":"2026-04-16T11:34:54","guid":{"rendered":"https:\/\/procareerglobal.com\/?post_type=product&#038;p=8866"},"modified":"2026-04-16T17:13:12","modified_gmt":"2026-04-16T15:13:12","slug":"10-sammu-teadliku-karjaaripoordeni","status":"publish","type":"product","link":"https:\/\/procareerglobal.com\/et\/toode\/10-sammu-teadliku-karjaaripoordeni\/","title":{"rendered":"10 sammu teadliku  karj\u00e4\u00e4rip\u00f6\u00f6rdeni"},"content":{"rendered":"<p data-start=\"0\" data-end=\"251\">Praktiline juhend neile, kes tunnevad, et on aeg midagi muuta oma t\u00f6\u00f6s, karj\u00e4\u00e4ris v\u00f5i iseendas.<br data-start=\"95\" data-end=\"98\" \/>Kui sa ei saa aru, mida sa tegelikult edasi tahad, oled v\u00e4sinud, aga kardad sammu astuda \u2013 see juhend aitab sul peas selguse luua ja liikumise k\u00e4ivitada.<\/p>\n<p data-start=\"253\" data-end=\"267\">Sa saad teada:<\/p>\n<p data-start=\"269\" data-end=\"613\">\u2022 Kuidas m\u00f5ista, mis sind t\u00f6\u00f6l tegelikult v\u00e4sitab<br data-start=\"318\" data-end=\"321\" \/>\u2022 Kuidas eristada \u201ep\u00f5genemist\u201c t\u00f5elisest soovist t\u00f6\u00f6kohta vahetada<br data-start=\"387\" data-end=\"390\" \/>\u2022 Kuidas hinnata oma ressursse ja mitte h\u00fcpata tundmatusse<br data-start=\"448\" data-end=\"451\" \/>\u2022 Kuidas s\u00f5nastada oma v\u00e4\u00e4rtus ja uuendada CV-d \/ LinkedIni<br data-start=\"510\" data-end=\"513\" \/>\u2022 Kuidas leida \u00f5ige keskkond ja testida uusi ideid<br data-start=\"563\" data-end=\"566\" \/>\u2022 Kuidas tulla toime hirmudega ja k\u00fcsida tuge<\/p>\n<p data-start=\"615\" data-end=\"748\" data-is-last-node=\"\" data-is-only-node=\"\">Sobib neile, kes otsivad uut suunda, m\u00f5tlevad karj\u00e4\u00e4rip\u00f6\u00f6rde peale v\u00f5i tahavad l\u00f5puks l\u00f5petada eneses kahtlemise ja hakata tegutsema.<\/p>\n","protected":false},"excerpt":{"rendered":"<p data-start=\"207\" data-end=\"478\">Praktiline juhend neile, kes tunnevad, et on aeg midagi muuta.<\/p>\n","protected":false},"featured_media":8884,"comment_status":"open","ping_status":"closed","template":"","meta":{"_et_pb_use_builder":"","_et_pb_old_content":"","_et_gb_content_width":""},"product_brand":[],"product_cat":[288],"product_tag":[],"class_list":{"0":"post-8866","1":"product","2":"type-product","3":"status-publish","4":"has-post-thumbnail","6":"product_cat-abimaterjalid","8":"first","9":"instock","10":"downloadable","11":"virtual","12":"purchasable","13":"product-type-simple"},"_links":{"self":[{"href":"https:\/\/procareerglobal.com\/et\/wp-json\/wp\/v2\/product\/8866","targetHints":{"allow":["GET"]}}],"collection":[{"href":"https:\/\/procareerglobal.com\/et\/wp-json\/wp\/v2\/product"}],"about":[{"href":"https:\/\/procareerglobal.com\/et\/wp-json\/wp\/v2\/types\/product"}],"replies":[{"embeddable":true,"href":"https:\/\/procareerglobal.com\/et\/wp-json\/wp\/v2\/comments?post=8866"}],"wp:featuredmedia":[{"embeddable":true,"href":"https:\/\/procareerglobal.com\/et\/wp-json\/wp\/v2\/media\/8884"}],"wp:attachment":[{"href":"https:\/\/procareerglobal.com\/et\/wp-json\/wp\/v2\/media?parent=8866"}],"wp:term":[{"taxonomy":"product_brand","embeddable":true,"href":"https:\/\/procareerglobal.com\/et\/wp-json\/wp\/v2\/product_brand?post=8866"},{"taxonomy":"product_cat","embeddable":true,"href":"https:\/\/procareerglobal.com\/et\/wp-json\/wp\/v2\/product_cat?post=8866"},{"taxonomy":"product_tag","embeddable":true,"href":"https:\/\/procareerglobal.com\/et\/wp-json\/wp\/v2\/product_tag?post=8866"}],"curies":[{"name":"wp","href":"https:\/\/api.w.org\/{rel}","templated":true}]}}