{"id":7206,"date":"2025-08-21T13:28:08","date_gmt":"2025-08-21T11:28:08","guid":{"rendered":"https:\/\/procareerglobal.com\/?post_type=product&#038;p=7206"},"modified":"2025-08-21T13:31:48","modified_gmt":"2025-08-21T11:31:48","slug":"5-pohjust-miks-sind-ei-kutsuta-toovestlusele","status":"publish","type":"product","link":"https:\/\/procareerglobal.com\/et\/toode\/5-pohjust-miks-sind-ei-kutsuta-toovestlusele\/","title":{"rendered":"5 p\u00f5hjust, miks sind ei kutsuta t\u00f6\u00f6vestlusele"},"content":{"rendered":"<p data-start=\"59\" data-end=\"199\"><strong data-start=\"59\" data-end=\"135\">Praktiline juhend neile, kes saadavad CVsid, aga vastuseid ei tule.<\/strong><\/p>\n<p data-start=\"59\" data-end=\"199\">Ilma \u00fcleliigse jututa &#8211; puhas kuld ja toimivad lahendused v\u00e4rbajalt.<\/p>\n<p data-start=\"201\" data-end=\"217\">Sa saad teada:<\/p>\n<ul data-start=\"218\" data-end=\"402\">\n<li data-start=\"218\" data-end=\"270\">\n<p data-start=\"220\" data-end=\"270\">5 tegelikku p\u00f5hjust, miks v\u00e4rbajad sind \u201eei n\u00e4e\u201c<\/p>\n<\/li>\n<li data-start=\"271\" data-end=\"340\">\n<p data-start=\"273\" data-end=\"340\">Kuidas CV, LinkedIn profiili ja suhtlust parandada, et intervjuule p\u00e4\u00e4seda<\/p>\n<\/li>\n<li data-start=\"341\" data-end=\"402\">\n<p data-start=\"343\" data-end=\"402\">Millised vead pidurdavad isegi v\u00e4ga tugevaid spetsialiste<\/p>\n<\/li>\n<\/ul>\n<p data-start=\"404\" data-end=\"513\">Sobib k\u00f5igile, kes otsivad uut t\u00f6\u00f6kohta, vahetavad valdkonda v\u00f5i vaatavad niisama ringi.<\/p>\n","protected":false},"excerpt":{"rendered":"<p data-start=\"207\" data-end=\"478\">Praktiline juhend neile, kes saadavad CVsid, kuid ei saa vastuseid.<\/p>\n","protected":false},"featured_media":6671,"comment_status":"open","ping_status":"closed","template":"","meta":{"_et_pb_use_builder":"","_et_pb_old_content":"","_et_gb_content_width":""},"product_brand":[],"product_cat":[288],"product_tag":[],"class_list":{"0":"post-7206","1":"product","2":"type-product","3":"status-publish","4":"has-post-thumbnail","6":"product_cat-abimaterjalid","8":"first","9":"instock","10":"downloadable","11":"virtual","12":"purchasable","13":"product-type-simple"},"_links":{"self":[{"href":"https:\/\/procareerglobal.com\/et\/wp-json\/wp\/v2\/product\/7206","targetHints":{"allow":["GET"]}}],"collection":[{"href":"https:\/\/procareerglobal.com\/et\/wp-json\/wp\/v2\/product"}],"about":[{"href":"https:\/\/procareerglobal.com\/et\/wp-json\/wp\/v2\/types\/product"}],"replies":[{"embeddable":true,"href":"https:\/\/procareerglobal.com\/et\/wp-json\/wp\/v2\/comments?post=7206"}],"wp:featuredmedia":[{"embeddable":true,"href":"https:\/\/procareerglobal.com\/et\/wp-json\/wp\/v2\/media\/6671"}],"wp:attachment":[{"href":"https:\/\/procareerglobal.com\/et\/wp-json\/wp\/v2\/media?parent=7206"}],"wp:term":[{"taxonomy":"product_brand","embeddable":true,"href":"https:\/\/procareerglobal.com\/et\/wp-json\/wp\/v2\/product_brand?post=7206"},{"taxonomy":"product_cat","embeddable":true,"href":"https:\/\/procareerglobal.com\/et\/wp-json\/wp\/v2\/product_cat?post=7206"},{"taxonomy":"product_tag","embeddable":true,"href":"https:\/\/procareerglobal.com\/et\/wp-json\/wp\/v2\/product_tag?post=7206"}],"curies":[{"name":"wp","href":"https:\/\/api.w.org\/{rel}","templated":true}]}}