{"id":7188,"date":"2025-08-21T13:02:35","date_gmt":"2025-08-21T11:02:35","guid":{"rendered":"https:\/\/procareerglobal.com\/?post_type=product&#038;p=7188"},"modified":"2025-08-21T13:26:35","modified_gmt":"2025-08-21T11:26:35","slug":"5-kusimust-et-aru-saada-et-oled-oigel-teel","status":"publish","type":"product","link":"https:\/\/procareerglobal.com\/et\/toode\/5-kusimust-et-aru-saada-et-oled-oigel-teel\/","title":{"rendered":"5 k\u00fcsimust, et aru saada, et oled \u00f5igel teel"},"content":{"rendered":"<p data-start=\"207\" data-end=\"478\">Kas oled vahel kahelnud, kas see tee, mida valid, on t\u00f5esti sinu oma? Siin on lihtne, kuid t\u00f5hus kontrollnimekiri, mis sisaldab 5 k\u00fcsimust \u2013 nad aitavad sul peatuda, m\u00f5elda ja hinnata, kas sinu praegune suund toetab sinu eesm\u00e4rke ja v\u00e4\u00e4rtusi.<\/p>\n<p data-start=\"480\" data-end=\"593\">Sobib nii karj\u00e4\u00e4rip\u00f6\u00f6rde eel kui ka siis, kui vajad v\u00e4ikest enesepeatust, et saada selgust, kuhu edasi liikuda.<\/p>\n","protected":false},"excerpt":{"rendered":"<p data-start=\"207\" data-end=\"478\">Praktiline kontrollnimekiri: 5 k\u00fcsimust, mis aitavad sul aru saada, kas liigud oma karj\u00e4\u00e4ris ja elus \u00f5igel teel.<\/p>\n","protected":false},"featured_media":7199,"comment_status":"open","ping_status":"closed","template":"","meta":{"_et_pb_use_builder":"","_et_pb_old_content":"","_et_gb_content_width":""},"product_brand":[],"product_cat":[288],"product_tag":[],"class_list":{"0":"post-7188","1":"product","2":"type-product","3":"status-publish","4":"has-post-thumbnail","6":"product_cat-abimaterjalid","8":"first","9":"instock","10":"downloadable","11":"virtual","12":"purchasable","13":"product-type-simple"},"_links":{"self":[{"href":"https:\/\/procareerglobal.com\/et\/wp-json\/wp\/v2\/product\/7188","targetHints":{"allow":["GET"]}}],"collection":[{"href":"https:\/\/procareerglobal.com\/et\/wp-json\/wp\/v2\/product"}],"about":[{"href":"https:\/\/procareerglobal.com\/et\/wp-json\/wp\/v2\/types\/product"}],"replies":[{"embeddable":true,"href":"https:\/\/procareerglobal.com\/et\/wp-json\/wp\/v2\/comments?post=7188"}],"wp:featuredmedia":[{"embeddable":true,"href":"https:\/\/procareerglobal.com\/et\/wp-json\/wp\/v2\/media\/7199"}],"wp:attachment":[{"href":"https:\/\/procareerglobal.com\/et\/wp-json\/wp\/v2\/media?parent=7188"}],"wp:term":[{"taxonomy":"product_brand","embeddable":true,"href":"https:\/\/procareerglobal.com\/et\/wp-json\/wp\/v2\/product_brand?post=7188"},{"taxonomy":"product_cat","embeddable":true,"href":"https:\/\/procareerglobal.com\/et\/wp-json\/wp\/v2\/product_cat?post=7188"},{"taxonomy":"product_tag","embeddable":true,"href":"https:\/\/procareerglobal.com\/et\/wp-json\/wp\/v2\/product_tag?post=7188"}],"curies":[{"name":"wp","href":"https:\/\/api.w.org\/{rel}","templated":true}]}}