{"id":7183,"date":"2025-08-21T12:36:53","date_gmt":"2025-08-21T10:36:53","guid":{"rendered":"https:\/\/procareerglobal.com\/?post_type=product&#038;p=7183"},"modified":"2025-08-21T12:39:24","modified_gmt":"2025-08-21T10:39:24","slug":"karjaarinoustamine-coaching-5-kohtumise-pakett","status":"publish","type":"product","link":"https:\/\/procareerglobal.com\/et\/toode\/karjaarinoustamine-coaching-5-kohtumise-pakett\/","title":{"rendered":"Karj\u00e4\u00e4rin\u00f5ustamine \/ Coaching &#8211; 5 kohtumise pakett"},"content":{"rendered":"<p data-start=\"115\" data-end=\"324\">Pakett: 5 individuaalset kohtumist Nelja Kornfeldiga, karj\u00e4\u00e4rin\u00f5ustaja ja -coachiga.<\/p>\n","protected":false},"excerpt":{"rendered":"<p data-start=\"129\" data-end=\"370\">Pakett: 5 individuaalset kohtumist Nelja Kornfeldiga, mis aitab sul lahendada konkreetseid karj\u00e4\u00e4rik\u00fcsimusi v\u00f5i tegeleda praeguste v\u00e4ljakutsetega. Kohtumisel arutame sinu soovi, kaardistame takistused ja leiame viisid nende \u00fcletamiseks.<\/p>\n<p data-start=\"372\" data-end=\"593\">See v\u00f5ib olla nii praktiline konsultatsioon CV koostamise, t\u00f6\u00f6intervjuuks valmistumise v\u00f5i t\u00f6\u00f6otsingu teemal kui ka coaching-sessioon, kus selgitame v\u00e4lja sinu karj\u00e4\u00e4rieesm\u00e4rgid ja planeerime sammud nende saavutamiseks.<\/p>\n<p data-start=\"595\" data-end=\"699\">Kohtumine toimub vene, inglise v\u00f5i eesti keeles veebi vahendusel, ja kestab 1 tund. Sobiva aja lepime kokku koos.<\/p>\n","protected":false},"featured_media":6699,"comment_status":"open","ping_status":"closed","template":"","meta":{"_et_pb_use_builder":"","_et_pb_old_content":"","_et_gb_content_width":""},"product_brand":[],"product_cat":[297],"product_tag":[],"class_list":{"0":"post-7183","1":"product","2":"type-product","3":"status-publish","4":"has-post-thumbnail","6":"product_cat-konsultatsioonid","8":"first","9":"instock","10":"virtual","11":"purchasable","12":"product-type-simple"},"_links":{"self":[{"href":"https:\/\/procareerglobal.com\/et\/wp-json\/wp\/v2\/product\/7183","targetHints":{"allow":["GET"]}}],"collection":[{"href":"https:\/\/procareerglobal.com\/et\/wp-json\/wp\/v2\/product"}],"about":[{"href":"https:\/\/procareerglobal.com\/et\/wp-json\/wp\/v2\/types\/product"}],"replies":[{"embeddable":true,"href":"https:\/\/procareerglobal.com\/et\/wp-json\/wp\/v2\/comments?post=7183"}],"wp:featuredmedia":[{"embeddable":true,"href":"https:\/\/procareerglobal.com\/et\/wp-json\/wp\/v2\/media\/6699"}],"wp:attachment":[{"href":"https:\/\/procareerglobal.com\/et\/wp-json\/wp\/v2\/media?parent=7183"}],"wp:term":[{"taxonomy":"product_brand","embeddable":true,"href":"https:\/\/procareerglobal.com\/et\/wp-json\/wp\/v2\/product_brand?post=7183"},{"taxonomy":"product_cat","embeddable":true,"href":"https:\/\/procareerglobal.com\/et\/wp-json\/wp\/v2\/product_cat?post=7183"},{"taxonomy":"product_tag","embeddable":true,"href":"https:\/\/procareerglobal.com\/et\/wp-json\/wp\/v2\/product_tag?post=7183"}],"curies":[{"name":"wp","href":"https:\/\/api.w.org\/{rel}","templated":true}]}}