{"id":7181,"date":"2025-08-21T12:31:45","date_gmt":"2025-08-21T10:31:45","guid":{"rendered":"https:\/\/procareerglobal.com\/?post_type=product&#038;p=7181"},"modified":"2025-08-21T12:36:21","modified_gmt":"2025-08-21T10:36:21","slug":"karjaarinoustamine","status":"publish","type":"product","link":"https:\/\/procareerglobal.com\/et\/toode\/karjaarinoustamine\/","title":{"rendered":"Karj\u00e4\u00e4rin\u00f5ustamine"},"content":{"rendered":"<p data-start=\"115\" data-end=\"324\">Individuaalne kohtumine Nelja Kornfeldiga, karj\u00e4\u00e4rin\u00f5ustaja ja -coachiga<\/p>\n","protected":false},"excerpt":{"rendered":"<p data-start=\"129\" data-end=\"370\">Individuaalne kuni \u00fchetunnine kohtumine Nelja Kornfeldiga, mis aitab sul lahendada konkreetseid karj\u00e4\u00e4rik\u00fcsimusi v\u00f5i tegeleda praeguste v\u00e4ljakutsetega. Kohtumisel arutame sinu soovi, kaardistame takistused ja leiame viisid nende \u00fcletamiseks.<\/p>\n<p data-start=\"372\" data-end=\"593\">See v\u00f5ib olla nii praktiline konsultatsioon CV koostamise, t\u00f6\u00f6intervjuuks valmistumise v\u00f5i t\u00f6\u00f6otsingu teemal kui ka coaching-sessioon, kus selgitame v\u00e4lja sinu karj\u00e4\u00e4rieesm\u00e4rgid ja planeerime sammud nende saavutamiseks.<\/p>\n<p data-start=\"595\" data-end=\"699\">Konsultatsioon toimub vene, inglise v\u00f5i eesti keeles veebi vahendusel. Sobiva aja lepime kokku koos.<\/p>\n","protected":false},"featured_media":6689,"comment_status":"open","ping_status":"closed","template":"","meta":{"_et_pb_use_builder":"","_et_pb_old_content":"","_et_gb_content_width":""},"product_brand":[],"product_cat":[297],"product_tag":[],"class_list":{"0":"post-7181","1":"product","2":"type-product","3":"status-publish","4":"has-post-thumbnail","6":"product_cat-konsultatsioonid","8":"first","9":"instock","10":"sale","11":"virtual","12":"purchasable","13":"product-type-simple"},"_links":{"self":[{"href":"https:\/\/procareerglobal.com\/et\/wp-json\/wp\/v2\/product\/7181","targetHints":{"allow":["GET"]}}],"collection":[{"href":"https:\/\/procareerglobal.com\/et\/wp-json\/wp\/v2\/product"}],"about":[{"href":"https:\/\/procareerglobal.com\/et\/wp-json\/wp\/v2\/types\/product"}],"replies":[{"embeddable":true,"href":"https:\/\/procareerglobal.com\/et\/wp-json\/wp\/v2\/comments?post=7181"}],"wp:featuredmedia":[{"embeddable":true,"href":"https:\/\/procareerglobal.com\/et\/wp-json\/wp\/v2\/media\/6689"}],"wp:attachment":[{"href":"https:\/\/procareerglobal.com\/et\/wp-json\/wp\/v2\/media?parent=7181"}],"wp:term":[{"taxonomy":"product_brand","embeddable":true,"href":"https:\/\/procareerglobal.com\/et\/wp-json\/wp\/v2\/product_brand?post=7181"},{"taxonomy":"product_cat","embeddable":true,"href":"https:\/\/procareerglobal.com\/et\/wp-json\/wp\/v2\/product_cat?post=7181"},{"taxonomy":"product_tag","embeddable":true,"href":"https:\/\/procareerglobal.com\/et\/wp-json\/wp\/v2\/product_tag?post=7181"}],"curies":[{"name":"wp","href":"https:\/\/api.w.org\/{rel}","templated":true}]}}