{"id":7180,"date":"2025-08-21T12:21:52","date_gmt":"2025-08-21T10:21:52","guid":{"rendered":"https:\/\/procareerglobal.com\/?post_type=product&#038;p=7180"},"modified":"2025-08-21T12:25:36","modified_gmt":"2025-08-21T10:25:36","slug":"veebikursus-ulekantavad-kursused-vip-pakett","status":"publish","type":"product","link":"https:\/\/procareerglobal.com\/et\/toode\/veebikursus-ulekantavad-kursused-vip-pakett\/","title":{"rendered":"Veebikursus: &#8220;\u00dclekantavad kursused&#8221; &#8211; VIP pakett"},"content":{"rendered":"<p data-start=\"115\" data-end=\"324\"><strong data-start=\"115\" data-end=\"165\">\u00dclekantavad oskused: edu v\u00f5ti karj\u00e4\u00e4rimuutuses<\/strong> \u2013 VIP veebikursus individuaalse n\u00f5ustamisega, mis n\u00e4itab, kuidas oma kogemusi esile tuua nii, et sind kutsutakse t\u00f6\u00f6le uude valdkonda v\u00f5i j\u00e4rgmisele tasemele, ilma et peaksid alustama nullist.<\/p>\n","protected":false},"excerpt":{"rendered":"<p data-start=\"251\" data-end=\"287\"><strong data-start=\"251\" data-end=\"285\">Kellele see kursus m\u00f5eldud on:<\/strong><\/p>\n<ul data-start=\"288\" data-end=\"524\">\n<li data-start=\"288\" data-end=\"365\">Tahad saada maksimaalse tulemuse ja kiire edasimineku koos personaalse toe ja juhendamisega.<\/li>\n<li data-start=\"288\" data-end=\"365\">\n<p data-start=\"290\" data-end=\"365\">Tahad vahetada ametit v\u00f5i valdkonda, aga ei soovi k\u00f5ike nullist alustada.<\/p>\n<\/li>\n<li data-start=\"366\" data-end=\"435\">\n<p data-start=\"368\" data-end=\"435\">Tahad kasvada juhiks, isegi kui sul pole otsest juhtimiskogemust.<\/p>\n<\/li>\n<li data-start=\"436\" data-end=\"524\">\n<p data-start=\"438\" data-end=\"524\">\u201eMa oskan palju, aga ei tea, kuidas seda rakendada\u201c &#8211; vajad selgust ja t\u00f5uget.<\/p>\n<\/li>\n<\/ul>\n<p data-start=\"526\" data-end=\"573\"><strong data-start=\"526\" data-end=\"571\">Kursuse kavas on 4 videoloengut teemadel:<\/strong><\/p>\n<ul data-start=\"574\" data-end=\"844\">\n<li data-start=\"574\" data-end=\"633\">\n<p data-start=\"576\" data-end=\"633\">Mis on \u00fclekantavad oskused ja kuidas neid endas m\u00e4rgata<\/p>\n<\/li>\n<li data-start=\"634\" data-end=\"700\">\n<p data-start=\"636\" data-end=\"700\">Kuidas oma oskused \u00e4ra pakkida valdkonna v\u00f5i taseme vahetuseks<\/p>\n<\/li>\n<li data-start=\"701\" data-end=\"785\">\n<p data-start=\"703\" data-end=\"785\">Julgus ennast n\u00e4htavaks teha (kuidas endast enesekindlalt ja asjalikult r\u00e4\u00e4kida)<\/p>\n<\/li>\n<li data-start=\"786\" data-end=\"844\">\n<p data-start=\"788\" data-end=\"844\">Kus kiiresti juurde \u00f5ppida vajalikke oskusi<\/p>\n<\/li>\n<\/ul>\n<p data-start=\"48\" data-end=\"103\"><strong data-start=\"48\" data-end=\"101\">2 individuaalset konsultatsiooni Nelja Kornfeldiga:<\/strong><\/p>\n<ul data-start=\"105\" data-end=\"403\">\n<li data-start=\"105\" data-end=\"272\">\n<p data-start=\"107\" data-end=\"272\"><strong data-start=\"107\" data-end=\"136\">Esimesel konsultatsioonil<\/strong> s\u00f5nastame sinu eesm\u00e4rgi j\u00e4rgmisele tasemele liikumiseks ja t\u00f6\u00f6tame l\u00e4bi \u00fclekantavad oskused, mis on just selle muutuse jaoks olulised.<\/p>\n<\/li>\n<li data-start=\"273\" data-end=\"403\">\n<p data-start=\"275\" data-end=\"403\"><strong data-start=\"275\" data-end=\"302\">Teisel konsultatsioonil<\/strong> teeme korda sinu CV ja LinkedIni profiili &#8211; annan selged soovitused, kuidas need t\u00f6\u00f6le panna.<\/p>\n<\/li>\n<\/ul>\n<p data-start=\"846\" data-end=\"870\"><strong data-start=\"846\" data-end=\"868\">Mida sa saad kohe:<\/strong><\/p>\n<ul data-start=\"871\" data-end=\"1274\">\n<li data-start=\"871\" data-end=\"984\">\n<p data-start=\"873\" data-end=\"984\"><strong data-start=\"873\" data-end=\"903\">Suur spikker oskuste kohta<\/strong> &#8211; abimaterjal, mille abil lihtne tuvastada oma oskusi ja neid kirjeldada.<\/p>\n<\/li>\n<li data-start=\"985\" data-end=\"1059\">\n<p data-start=\"987\" data-end=\"1059\"><strong data-start=\"987\" data-end=\"1012\">Praktilised \u00fclesanded<\/strong> &#8211; saad teadmisi kohe p\u00e4rast tundi rakendada.<\/p>\n<\/li>\n<li data-start=\"1060\" data-end=\"1162\">\n<p data-start=\"1062\" data-end=\"1162\"><strong data-start=\"1062\" data-end=\"1090\">Osaleja kontrollnimekiri<\/strong> &#8211; samm-sammuline plaan, et mitte hajuda ja p\u00e4riselt tulemuseni j\u00f5uda.<\/p>\n<\/li>\n<li data-start=\"1163\" data-end=\"1274\">\n<p data-start=\"1165\" data-end=\"1274\"><strong data-start=\"1165\" data-end=\"1191\">Ligip\u00e4\u00e4s vestlusgruppi<\/strong> &#8211; saad esitada k\u00fcsimusi, suhelda teiste osalejatega ja saada minult tagasisidet.<\/p>\n<\/li>\n<\/ul>\n","protected":false},"featured_media":6933,"comment_status":"open","ping_status":"closed","template":"","meta":{"_et_pb_use_builder":"","_et_pb_old_content":"","_et_gb_content_width":""},"product_brand":[],"product_cat":[286],"product_tag":[],"class_list":{"0":"post-7180","1":"product","2":"type-product","3":"status-publish","4":"has-post-thumbnail","6":"product_cat-veebikursused","8":"first","9":"instock","10":"virtual","11":"purchasable","12":"product-type-simple"},"_links":{"self":[{"href":"https:\/\/procareerglobal.com\/et\/wp-json\/wp\/v2\/product\/7180","targetHints":{"allow":["GET"]}}],"collection":[{"href":"https:\/\/procareerglobal.com\/et\/wp-json\/wp\/v2\/product"}],"about":[{"href":"https:\/\/procareerglobal.com\/et\/wp-json\/wp\/v2\/types\/product"}],"replies":[{"embeddable":true,"href":"https:\/\/procareerglobal.com\/et\/wp-json\/wp\/v2\/comments?post=7180"}],"wp:featuredmedia":[{"embeddable":true,"href":"https:\/\/procareerglobal.com\/et\/wp-json\/wp\/v2\/media\/6933"}],"wp:attachment":[{"href":"https:\/\/procareerglobal.com\/et\/wp-json\/wp\/v2\/media?parent=7180"}],"wp:term":[{"taxonomy":"product_brand","embeddable":true,"href":"https:\/\/procareerglobal.com\/et\/wp-json\/wp\/v2\/product_brand?post=7180"},{"taxonomy":"product_cat","embeddable":true,"href":"https:\/\/procareerglobal.com\/et\/wp-json\/wp\/v2\/product_cat?post=7180"},{"taxonomy":"product_tag","embeddable":true,"href":"https:\/\/procareerglobal.com\/et\/wp-json\/wp\/v2\/product_tag?post=7180"}],"curies":[{"name":"wp","href":"https:\/\/api.w.org\/{rel}","templated":true}]}}