{"id":7074,"date":"2025-08-17T09:34:24","date_gmt":"2025-08-17T07:34:24","guid":{"rendered":"https:\/\/procareerglobal.com\/product\/pochemu-ne-berut\/"},"modified":"2025-08-18T22:18:08","modified_gmt":"2025-08-18T20:18:08","slug":"miks-sind-ei-voeta-toole-isegi-siis-kui-oled-tugev-spetsialist","status":"publish","type":"product","link":"https:\/\/procareerglobal.com\/et\/toode\/miks-sind-ei-voeta-toole-isegi-siis-kui-oled-tugev-spetsialist\/","title":{"rendered":"Miks sind ei v\u00f5eta t\u00f6\u00f6le isegi siis, kui oled tugev spetsialist"},"content":{"rendered":"<p data-start=\"141\" data-end=\"265\">Praktiline video-juhend neile, kes saadavad CV-sid, kuid ei saa vastust v\u00f5i keda ei edutata, kuigi oleks juba ammu aeg.<\/p>\n<p data-start=\"267\" data-end=\"284\"><strong data-start=\"267\" data-end=\"282\">Sa saad teada:<\/strong><\/p>\n<ul data-start=\"285\" data-end=\"652\">\n<li data-start=\"285\" data-end=\"340\">\n<p data-start=\"287\" data-end=\"340\">5 tegelikku p\u00f5hjust, miks v\u00e4rbajad sind \u201eei m\u00e4rka\u201c ja miks t\u00f6\u00f6andja ei n\u00e4e p\u00f5hjust edutamiseks<\/p>\n<\/li>\n<li data-start=\"341\" data-end=\"416\">\n<p data-start=\"343\" data-end=\"416\">Kuidas parandada CV-d, LinkedIni profiili ja suhtlust, et liikuda edasi<\/p>\n<\/li>\n<li data-start=\"417\" data-end=\"493\">\n<p data-start=\"419\" data-end=\"493\">Kuidas kirjeldada oskusi ja saavutusi nii, et eristuda teiste kandidaatide seast<\/p>\n<\/li>\n<li data-start=\"494\" data-end=\"564\">\n<p data-start=\"496\" data-end=\"564\">Miks teevad isegi tugevad spetsialistid enesetutvustuses vigu<\/p>\n<\/li>\n<li data-start=\"565\" data-end=\"652\">\n<p data-start=\"567\" data-end=\"652\">Mis on \u00fclekantavad oskused ja kuidas need aitavad eriala vahetada v\u00f5i edutamist saada<\/p>\n<\/li>\n<\/ul>\n<p data-start=\"654\" data-end=\"750\">Sobib neile, kes otsivad uut t\u00f6\u00f6d, vahetavad valdkonda v\u00f5i on juba pikalt \u00fches kohas ilma edutamiseta olnud.<\/p>\n<p data-start=\"654\" data-end=\"750\">P\u00e4rast ostu saadetakse fail sulle e-posti teel.<\/p>\n","protected":false},"excerpt":{"rendered":"<p>Praktiline video-juhend neile, kes saadavad CV-sid, kuid ei saa vastust v\u00f5i keda ei edutata, kuigi oleks juba ammu aeg.<\/p>\n","protected":false},"featured_media":6939,"comment_status":"open","ping_status":"closed","template":"","meta":{"_et_pb_use_builder":"","_et_pb_old_content":"","_et_gb_content_width":""},"product_brand":[],"product_cat":[288,296],"product_tag":[],"class_list":{"0":"post-7074","1":"product","2":"type-product","3":"status-publish","4":"has-post-thumbnail","6":"product_cat-abimaterjalid","7":"product_cat-video-juhendid","9":"first","10":"instock","11":"downloadable","12":"virtual","13":"purchasable","14":"product-type-simple"},"_links":{"self":[{"href":"https:\/\/procareerglobal.com\/et\/wp-json\/wp\/v2\/product\/7074","targetHints":{"allow":["GET"]}}],"collection":[{"href":"https:\/\/procareerglobal.com\/et\/wp-json\/wp\/v2\/product"}],"about":[{"href":"https:\/\/procareerglobal.com\/et\/wp-json\/wp\/v2\/types\/product"}],"replies":[{"embeddable":true,"href":"https:\/\/procareerglobal.com\/et\/wp-json\/wp\/v2\/comments?post=7074"}],"wp:featuredmedia":[{"embeddable":true,"href":"https:\/\/procareerglobal.com\/et\/wp-json\/wp\/v2\/media\/6939"}],"wp:attachment":[{"href":"https:\/\/procareerglobal.com\/et\/wp-json\/wp\/v2\/media?parent=7074"}],"wp:term":[{"taxonomy":"product_brand","embeddable":true,"href":"https:\/\/procareerglobal.com\/et\/wp-json\/wp\/v2\/product_brand?post=7074"},{"taxonomy":"product_cat","embeddable":true,"href":"https:\/\/procareerglobal.com\/et\/wp-json\/wp\/v2\/product_cat?post=7074"},{"taxonomy":"product_tag","embeddable":true,"href":"https:\/\/procareerglobal.com\/et\/wp-json\/wp\/v2\/product_tag?post=7074"}],"curies":[{"name":"wp","href":"https:\/\/api.w.org\/{rel}","templated":true}]}}