{"id":5416,"date":"2024-12-11T14:22:34","date_gmt":"2024-12-11T12:22:34","guid":{"rendered":"https:\/\/procareerglobal.com\/toopakkumised\/"},"modified":"2026-04-13T19:22:10","modified_gmt":"2026-04-13T17:22:10","slug":"toopakkumised","status":"publish","type":"page","link":"https:\/\/procareerglobal.com\/et\/toopakkumised\/","title":{"rendered":"T\u00f6\u00f6pakkumised"},"content":{"rendered":"<p>[et_pb_section fb_built=&#8221;1&#8243; fullwidth=&#8221;on&#8221; _builder_version=&#8221;4.27.4&#8243; _module_preset=&#8221;default&#8221; background_enable_color=&#8221;off&#8221; background_image=&#8221;https:\/\/procareerglobal.com\/wp-content\/uploads\/2024\/12\/N-29-e1734353807695.jpg&#8221; background_position=&#8221;top_left&#8221; background_last_edited=&#8221;on|tablet&#8221; background_size_tablet=&#8221;initial&#8221; background_size_phone=&#8221;initial&#8221; background_position_tablet=&#8221;top_right&#8221; background_position_phone=&#8221;center_left&#8221; global_colors_info=&#8221;{}&#8221;][et_pb_fullwidth_header title=&#8221;T\u00f6\u00f6pakkumised&#8221; button_one_text=&#8221;J\u00e4tke oma kontakt&#8221; button_one_url=&#8221;https:\/\/procareerglobal.com\/et\/talendibaas\/&#8221; content_max_width=&#8221;84%&#8221; content_max_width_tablet=&#8221;100%&#8221; content_max_width_phone=&#8221;100%&#8221; content_max_width_last_edited=&#8221;on|desktop&#8221; _builder_version=&#8221;4.27.4&#8243; _module_preset=&#8221;default&#8221; title_font=&#8221;&#8211;et_global_heading_font|700|||||||&#8221; title_text_color=&#8221;#000000&#8243; title_font_size=&#8221;44px&#8221; content_font=&#8221;Manrope||||||||&#8221; content_text_color=&#8221;#000000&#8243; content_font_size=&#8221;16px&#8221; content_line_height=&#8221;1.8em&#8221; background_color=&#8221;rgba(240,242,246,0.61)&#8221; background_enable_image=&#8221;off&#8221; custom_button_one=&#8221;on&#8221; button_one_text_size=&#8221;18px&#8221; button_one_text_color=&#8221;#FFFFFF&#8221; button_one_bg_color=&#8221;#ec5c55&#8243; button_one_border_width=&#8221;2px&#8221; button_one_border_color=&#8221;RGBA(255,255,255,0)&#8221; button_one_border_radius=&#8221;100px&#8221; button_one_font=&#8221;Manrope|500|||||||&#8221; width=&#8221;100%&#8221; max_width=&#8221;100%&#8221; title_font_size_tablet=&#8221;40px&#8221; title_font_size_phone=&#8221;36px&#8221; title_font_size_last_edited=&#8221;on|desktop&#8221; border_color_all=&#8221;RGBA(255,255,255,0)&#8221; global_colors_info=&#8221;{}&#8221;]<\/p>\n<p>Siin on nimekiri vabadest ametikohtadest, mida ProCareer O\u00dc otsib oma klientidele. See on suurep\u00e4rane v\u00f5imalus liituda erinevate valdkondade ettev\u00f5tetega, kus ootavad huvitavad ja arenguv\u00f5imalusi pakkuvad t\u00f6\u00f6kohad. Esitage oma kandideerimisavaldus ja leidke t\u00f6\u00f6, mis sobib teie oskuste ja karj\u00e4\u00e4riplaanidega.  <\/p>\n<p>[\/et_pb_fullwidth_header][\/et_pb_section][et_pb_section fb_built=&#8221;1&#8243; _builder_version=&#8221;4.27.4&#8243; _module_preset=&#8221;default&#8221; global_colors_info=&#8221;{}&#8221;][et_pb_row _builder_version=&#8221;4.27.4&#8243; _module_preset=&#8221;default&#8221; global_colors_info=&#8221;{}&#8221;][et_pb_column type=&#8221;4_4&#8243; _builder_version=&#8221;4.27.4&#8243; _module_preset=&#8221;default&#8221; global_colors_info=&#8221;{}&#8221;][et_pb_code _builder_version=&#8221;4.27.4&#8243; _module_preset=&#8221;default&#8221; global_colors_info=&#8221;{}&#8221;]<script src=\"https:\/\/scripts.teamtailor-cdn.com\/widgets\/eu-pink\/jobs.js\" async=\"\" charset=\"utf-8\"><\/script><\/p>\n<div class=\"teamtailor-jobs-widget\" data-teamtailor-limit=\"20\" data-teamtailor-api-key=\"koAw3qmeL75JgXiSdHrsetlsvoOQc5kshXSjun-0\"><\/div>\n<p>[\/et_pb_code][et_pb_text _builder_version=&#8221;4.27.6&#8243; _module_preset=&#8221;default&#8221; global_colors_info=&#8221;{}&#8221;]<\/p>\n<h3><span style=\"text-decoration: underline;\"><a href=\"https:\/\/procareerglobal.com\/wp-content\/uploads\/2026\/04\/Credit-and-Risk-Analyst-job-ad-with-my-mail.pdf\" title=\"Credit &amp; Risk Analyst, London, UK\">Credit &amp; Risk Analyst, London, UK<\/a><\/span><\/h3>\n<p>&nbsp;<\/p>\n<h3><span style=\"text-decoration: underline;\"><a href=\"https:\/\/procareerglobal.com\/wp-content\/uploads\/2026\/04\/Accountant-job-ad-with-my-email.pdf\" title=\"Accountant, Limassol, Cyprus\">Accountant, Limassol, Cyprus<\/a><\/span><\/h3>\n<p>[\/et_pb_text][\/et_pb_column][\/et_pb_row][\/et_pb_section][et_pb_section fb_built=&#8221;1&#8243; _builder_version=&#8221;4.16&#8243; background_color=&#8221;#ec5c55&#8243; background_color_gradient_direction=&#8221;90deg&#8221; background_color_gradient_start=&#8221;rgba(240,242,246,0.5)&#8221; background_color_gradient_end=&#8221;rgba(255,255,255,0)&#8221; custom_padding=&#8221;20px|0px|20px|0px|true|false&#8221; animation_direction=&#8221;left&#8221; global_colors_info=&#8221;{}&#8221;][et_pb_row column_structure=&#8221;1_3,1_3,1_3&#8243; _builder_version=&#8221;4.16&#8243; _module_preset=&#8221;default&#8221; global_colors_info=&#8221;{}&#8221;][et_pb_column type=&#8221;1_3&#8243; _builder_version=&#8221;4.16&#8243; _module_preset=&#8221;default&#8221; global_colors_info=&#8221;{}&#8221;][et_pb_text _builder_version=&#8221;4.17.6&#8243; text_font=&#8221;||||||||&#8221; text_text_color=&#8221;#000000&#8243; text_font_size=&#8221;16px&#8221; text_line_height=&#8221;1.9em&#8221; header_font=&#8221;Manrope|700|||||||&#8221; header_text_color=&#8221;#FFFFFF&#8221; header_2_font=&#8221;||||||||&#8221; header_3_font=&#8221;||||||||&#8221; header_4_font=&#8221;Manrope|700|||||||&#8221; header_4_text_color=&#8221;#FFFFFF&#8221; header_4_font_size=&#8221;16px&#8221; header_4_line_height=&#8221;1.5em&#8221; custom_margin=&#8221;|||&#8221; locked=&#8221;off&#8221; global_colors_info=&#8221;{}&#8221;]<\/p>\n<h4>Kontaktid<\/h4>\n<p><span style=\"color: #ffffff;\">ProCareer O\u00dc<\/span><br \/><span style=\"color: #ffffff;\">Reg.number 16286406<br \/><a href=\"tel:+37253303914\" style=\"color: #ffffff;\">+372 5330 3914<\/a><br \/>info@procareerglobal.com<\/span><span><span style=\"color: #000000;\"><\/span><\/span><\/p>\n<p>[\/et_pb_text][\/et_pb_column][et_pb_column type=&#8221;1_3&#8243; _builder_version=&#8221;4.16&#8243; _module_preset=&#8221;default&#8221; global_colors_info=&#8221;{}&#8221;][et_pb_text _builder_version=&#8221;4.27.0&#8243; text_font=&#8221;||||||||&#8221; text_text_color=&#8221;#000000&#8243; text_font_size=&#8221;16px&#8221; text_line_height=&#8221;1.9em&#8221; header_font=&#8221;Manrope|700|||||||&#8221; header_text_color=&#8221;#FFFFFF&#8221; header_2_font=&#8221;||||||||&#8221; header_3_font=&#8221;||||||||&#8221; header_4_font=&#8221;Manrope|700|||||||&#8221; header_4_text_color=&#8221;#FFFFFF&#8221; header_4_font_size=&#8221;16px&#8221; header_4_line_height=&#8221;1.5em&#8221; custom_margin=&#8221;|||&#8221; custom_padding=&#8221;24px||||false|false&#8221; custom_padding_tablet=&#8221;24px||||false|false&#8221; custom_padding_phone=&#8221;24px||||false|false&#8221; custom_padding_last_edited=&#8221;on|desktop&#8221; locked=&#8221;off&#8221; global_colors_info=&#8221;{}&#8221;]<\/p>\n<h4><\/h4>\n<p><span style=\"color: #ffffff;\"><a href=\"https:\/\/procareerglobal.com\/et\/andmekaitse\/\" title=\"Privaatsus- ja k\u00fcpsiste p\u00f5him\u00f5tted\" style=\"color: #ffffff;\">Privaatsus- ja k\u00fcpsiste p\u00f5him\u00f5tted<\/a><\/span><\/p>\n<p><span style=\"color: #ffffff;\"><\/span><\/p>\n<p><span style=\"color: #ffffff;\">\u00a9 ProCareer O\u00dc 2024<\/span><\/p>\n<p>[\/et_pb_text][\/et_pb_column][et_pb_column type=&#8221;1_3&#8243; _builder_version=&#8221;4.16&#8243; _module_preset=&#8221;default&#8221; global_colors_info=&#8221;{}&#8221;][et_pb_social_media_follow use_icon_font_size=&#8221;on&#8221; icon_font_size=&#8221;14px&#8221; _builder_version=&#8221;4.27.0&#8243; custom_margin=&#8221;14px|||||&#8221; custom_margin_tablet=&#8221;14px|||||&#8221; custom_margin_phone=&#8221;14px|||||&#8221; custom_margin_last_edited=&#8221;on|desktop&#8221; custom_padding=&#8221;24px||||false|false&#8221; border_radii=&#8221;on|100px|100px|100px|100px&#8221; locked=&#8221;off&#8221; global_colors_info=&#8221;{}&#8221;][et_pb_social_media_follow_network social_network=&#8221;facebook&#8221; url=&#8221;https:\/\/www.facebook.com\/prokarjeru&#8221; icon_color=&#8221;#000000&#8243; _builder_version=&#8221;4.27.0&#8243; background_color=&#8221;rgba(255,255,255,0.94)&#8221; background_enable_color=&#8221;on&#8221; custom_margin=&#8221;|||&#8221; custom_padding=&#8221;10px|10px|10px|10px|true|true&#8221; global_colors_info=&#8221;{}&#8221; follow_button=&#8221;off&#8221; url_new_window=&#8221;on&#8221;]facebook[\/et_pb_social_media_follow_network][et_pb_social_media_follow_network social_network=&#8221;instagram&#8221; url=&#8221;https:\/\/www.instagram.com\/pro_karjeru\/&#8221; icon_color=&#8221;#000000&#8243; _builder_version=&#8221;4.17.6&#8243; background_color=&#8221;rgba(255,255,255,0.94)&#8221; background_enable_color=&#8221;on&#8221; custom_margin=&#8221;|||&#8221; custom_padding=&#8221;10px|10px|10px|10px|true|true&#8221; global_colors_info=&#8221;{}&#8221; follow_button=&#8221;off&#8221; url_new_window=&#8221;on&#8221;]instagram[\/et_pb_social_media_follow_network][et_pb_social_media_follow_network social_network=&#8221;whatsapp&#8221; url=&#8221;https:\/\/api.whatsapp.com\/send?phone=37253303914&#038;text=&#8221; icon_color=&#8221;#000000&#8243; use_icon_font_size=&#8221;on&#8221; icon_font_size=&#8221;23px&#8221; _builder_version=&#8221;4.27.0&#8243; _module_preset=&#8221;default&#8221; background_color=&#8221;rgba(255,255,255,0.94)&#8221; background_enable_color=&#8221;on&#8221; global_colors_info=&#8221;{}&#8221; follow_button=&#8221;off&#8221; url_new_window=&#8221;on&#8221;]whatsapp[\/et_pb_social_media_follow_network][et_pb_social_media_follow_network social_network=&#8221;linkedin&#8221; url=&#8221;https:\/\/www.linkedin.com\/in\/neljakornfeld\/&#8221; icon_color=&#8221;#000000&#8243; use_icon_font_size=&#8221;on&#8221; _builder_version=&#8221;4.27.0&#8243; _module_preset=&#8221;default&#8221; background_color=&#8221;rgba(255,255,255,0.94)&#8221; background_enable_color=&#8221;on&#8221; custom_padding=&#8221;10px|10px|10px|10px|true|true&#8221; global_colors_info=&#8221;{}&#8221; follow_button=&#8221;off&#8221; url_new_window=&#8221;on&#8221;]linkedin[\/et_pb_social_media_follow_network][\/et_pb_social_media_follow][\/et_pb_column][\/et_pb_row][\/et_pb_section]<\/p>\n","protected":false},"excerpt":{"rendered":"<p>Siin on nimekiri vabadest ametikohtadest, mida ProCareer O\u00dc otsib oma klientidele. See on suurep\u00e4rane v\u00f5imalus liituda erinevate valdkondade ettev\u00f5tetega, kus ootavad huvitavad ja arenguv\u00f5imalusi pakkuvad t\u00f6\u00f6kohad. Esitage oma kandideerimisavaldus ja leidke t\u00f6\u00f6, mis sobib teie oskuste ja karj\u00e4\u00e4riplaanidega. Credit &amp; Risk Analyst, London, UK &nbsp; Accountant, Limassol, CyprusKontaktid ProCareer O\u00dcReg.number 16286406+372 5330 3914info@procareerglobal.com Privaatsus- ja [&hellip;]<\/p>\n","protected":false},"author":2,"featured_media":0,"parent":0,"menu_order":0,"comment_status":"closed","ping_status":"closed","template":"","meta":{"_et_pb_use_builder":"on","_et_pb_old_content":"","_et_gb_content_width":"","footnotes":""},"class_list":["post-5416","page","type-page","status-publish","hentry"],"_links":{"self":[{"href":"https:\/\/procareerglobal.com\/et\/wp-json\/wp\/v2\/pages\/5416","targetHints":{"allow":["GET"]}}],"collection":[{"href":"https:\/\/procareerglobal.com\/et\/wp-json\/wp\/v2\/pages"}],"about":[{"href":"https:\/\/procareerglobal.com\/et\/wp-json\/wp\/v2\/types\/page"}],"author":[{"embeddable":true,"href":"https:\/\/procareerglobal.com\/et\/wp-json\/wp\/v2\/users\/2"}],"replies":[{"embeddable":true,"href":"https:\/\/procareerglobal.com\/et\/wp-json\/wp\/v2\/comments?post=5416"}],"version-history":[{"count":5,"href":"https:\/\/procareerglobal.com\/et\/wp-json\/wp\/v2\/pages\/5416\/revisions"}],"predecessor-version":[{"id":8759,"href":"https:\/\/procareerglobal.com\/et\/wp-json\/wp\/v2\/pages\/5416\/revisions\/8759"}],"wp:attachment":[{"href":"https:\/\/procareerglobal.com\/et\/wp-json\/wp\/v2\/media?parent=5416"}],"curies":[{"name":"wp","href":"https:\/\/api.w.org\/{rel}","templated":true}]}}